{"id":185,"date":"2025-02-18T14:06:25","date_gmt":"2025-02-18T13:06:25","guid":{"rendered":"https:\/\/hubletvasculaire.be\/index.php\/pricing\/"},"modified":"2025-06-19T09:33:46","modified_gmt":"2025-06-19T07:33:46","slug":"pricing","status":"publish","type":"page","link":"https:\/\/hubletvasculaire.be\/index.php\/pricing\/","title":{"rendered":"Pricing"},"content":{"rendered":"\t\t<div data-elementor-type=\"wp-page\" data-elementor-id=\"185\" class=\"elementor elementor-185\" data-elementor-settings=\"{&quot;profecient_custom_cursor_toggle&quot;:false}\">\n\t\t\t\t\t\t<section class=\"elementor-section elementor-top-section elementor-element elementor-element-47c34e15 elementor-section-full_width elementor-section-height-default elementor-section-height-default\" data-id=\"47c34e15\" data-element_type=\"section\" data-settings=\"{&quot;profecient_background_motion_effects_toggle&quot;:0,&quot;profecient_custom_cursor_toggle&quot;:false,&quot;profecient_parallax_effects_toggle&quot;:0,&quot;profecient_mouse_effects_toggle&quot;:0}\">\n\t\t\t\t\t\t<div class=\"elementor-container elementor-column-gap-default\">\n\t\t\t\t\t<div class=\"elementor-column elementor-col-100 elementor-top-column elementor-element elementor-element-32b4306a\" data-id=\"32b4306a\" data-element_type=\"column\" data-settings=\"{&quot;background_background&quot;:&quot;gradient&quot;,&quot;profecient_background_motion_effects_toggle&quot;:0,&quot;profecient_custom_cursor_toggle&quot;:false,&quot;profecient_parallax_effects_toggle&quot;:0,&quot;profecient_mouse_effects_toggle&quot;:0}\">\n\t\t\t<div class=\"elementor-widget-wrap elementor-element-populated\">\n\t\t\t\t\t<div class=\"elementor-background-overlay\"><\/div>\n\t\t\t\t\t\t<section class=\"elementor-section elementor-inner-section elementor-element elementor-element-7365d202 elementor-section-boxed elementor-section-height-default elementor-section-height-default\" data-id=\"7365d202\" data-element_type=\"section\" data-settings=\"{&quot;profecient_background_motion_effects_toggle&quot;:0,&quot;profecient_custom_cursor_toggle&quot;:false,&quot;profecient_parallax_effects_toggle&quot;:0,&quot;profecient_mouse_effects_toggle&quot;:0}\">\n\t\t\t\t\t\t<div class=\"elementor-container elementor-column-gap-default\">\n\t\t\t\t\t<div class=\"elementor-column elementor-col-100 elementor-inner-column elementor-element elementor-element-7996a37a\" data-id=\"7996a37a\" data-element_type=\"column\" data-settings=\"{&quot;profecient_background_motion_effects_toggle&quot;:0,&quot;profecient_custom_cursor_toggle&quot;:false,&quot;profecient_parallax_effects_toggle&quot;:0,&quot;profecient_mouse_effects_toggle&quot;:0}\">\n\t\t\t<div class=\"elementor-widget-wrap elementor-element-populated\">\n\t\t\t\t\t\t<div class=\"elementor-element elementor-element-30d6712 elementor-widget__width-initial elementor-invisible elementor-widget elementor-widget-jkit_animated_text\" data-id=\"30d6712\" data-element_type=\"widget\" data-settings=\"{&quot;_animation&quot;:&quot;fadeInUp&quot;,&quot;profecient_custom_cursor_toggle&quot;:false,&quot;profecient_parallax_effects_toggle&quot;:0,&quot;profecient_mouse_effects_toggle&quot;:0}\" data-widget_type=\"jkit_animated_text.default\">\n\t\t\t\t<div class=\"elementor-widget-container\">\n\t\t\t\t\t<div  class=\"jeg-elementor-kit jkit-animated-text jeg_module___69e1e00fb3116\"  data-style=\"highlighted\" data-text=\"\" data-shape=\"curly\"><h1 class=\"animated-text\"><span class=\"normal-text style-color\">Documents utiles<\/span><span class=\"dynamic-wrapper style-color\"><span class=\"dynamic-text\"><\/span><svg xmlns=\"http:\/\/www.w3.org\/2000\/svg\" viewBox=\"0 0 500 150\" preserveAspectRatio=\"none\"><path class=\"style-color\"  d=\"M6.5,75.5s25-29,50,0,50,0,50,0,25-32,50,0,50-1,50-1,25-30,50,1,50,0,50,0,27-28,50,0,50,0,50,0,26-25,50,0,36,7,36,7\" transform=\"translate(-3.09 -56.78)\"\/><\/svg><\/span><span class=\"normal-text style-color\"><\/span><\/h1><\/div>\t\t\t\t<\/div>\n\t\t\t\t<\/div>\n\t\t\t\t<div class=\"elementor-element elementor-element-81b9cb8 elementor-widget elementor-widget-text-editor\" data-id=\"81b9cb8\" data-element_type=\"widget\" data-settings=\"{&quot;profecient_custom_cursor_toggle&quot;:false,&quot;profecient_parallax_effects_toggle&quot;:0,&quot;profecient_mouse_effects_toggle&quot;:0}\" data-widget_type=\"text-editor.default\">\n\t\t\t\t<div class=\"elementor-widget-container\">\n\t\t\t\t\t\t\t\t\t<div><p>Les \u00ab\u00a0documents utiles\u00a0\u00bb list\u00e9s ci-dessous sont donn\u00e9s uniquement \u00e0 titre informatif.<\/p><p>Si vous avez une op\u00e9ration planifi\u00e9e, les seules consignes \u00e0 appliquer sont celles que le<span class=\"gmail-apple-converted-space\">\u00a0<\/span><strong>Docteur <span class=\"outlook-search-highlight\" data-markjs=\"true\">Alexandre<\/span> <span class=\"outlook-search-highlight\" data-markjs=\"true\">Hublet<\/span> vous a confi\u00e9e personnellement<\/strong>.<span class=\"gmail-apple-converted-space\">\u00a0<\/span><\/p><p><strong>Si vous avez \u00e9gar\u00e9 ce document<\/strong>, reprenez contact avec le Docteur <span class=\"outlook-search-highlight\" data-markjs=\"true\">Alexandre<\/span> <span class=\"outlook-search-highlight\" data-markjs=\"true\">Hublet<\/span>.<\/p><\/div>\t\t\t\t\t\t\t\t<\/div>\n\t\t\t\t<\/div>\n\t\t\t\t<div class=\"elementor-element elementor-element-3930f06 elementor-align-center elementor-widget elementor-widget-button\" data-id=\"3930f06\" data-element_type=\"widget\" data-settings=\"{&quot;profecient_custom_cursor_toggle&quot;:false,&quot;profecient_parallax_effects_toggle&quot;:0,&quot;profecient_mouse_effects_toggle&quot;:0}\" data-widget_type=\"button.default\">\n\t\t\t\t<div class=\"elementor-widget-container\">\n\t\t\t\t\t\t\t\t\t<div class=\"elementor-button-wrapper\">\n\t\t\t\t\t<a class=\"elementor-button elementor-button-link elementor-size-sm\" href=\"#\">\n\t\t\t\t\t\t<span class=\"elementor-button-content-wrapper\">\n\t\t\t\t\t\t\t\t\t<span class=\"elementor-button-text\">Document 1<\/span>\n\t\t\t\t\t<\/span>\n\t\t\t\t\t<\/a>\n\t\t\t\t<\/div>\n\t\t\t\t\t\t\t\t<\/div>\n\t\t\t\t<\/div>\n\t\t\t\t<div class=\"elementor-element elementor-element-287dc73 elementor-align-center elementor-widget elementor-widget-button\" data-id=\"287dc73\" data-element_type=\"widget\" data-settings=\"{&quot;profecient_custom_cursor_toggle&quot;:false,&quot;profecient_parallax_effects_toggle&quot;:0,&quot;profecient_mouse_effects_toggle&quot;:0}\" data-widget_type=\"button.default\">\n\t\t\t\t<div class=\"elementor-widget-container\">\n\t\t\t\t\t\t\t\t\t<div class=\"elementor-button-wrapper\">\n\t\t\t\t\t<a class=\"elementor-button elementor-button-link elementor-size-sm\" href=\"#\">\n\t\t\t\t\t\t<span class=\"elementor-button-content-wrapper\">\n\t\t\t\t\t\t\t\t\t<span class=\"elementor-button-text\">Document 2<\/span>\n\t\t\t\t\t<\/span>\n\t\t\t\t\t<\/a>\n\t\t\t\t<\/div>\n\t\t\t\t\t\t\t\t<\/div>\n\t\t\t\t<\/div>\n\t\t\t\t<div class=\"elementor-element elementor-element-26e3d71 elementor-align-center elementor-widget elementor-widget-button\" data-id=\"26e3d71\" data-element_type=\"widget\" data-settings=\"{&quot;profecient_custom_cursor_toggle&quot;:false,&quot;profecient_parallax_effects_toggle&quot;:0,&quot;profecient_mouse_effects_toggle&quot;:0}\" data-widget_type=\"button.default\">\n\t\t\t\t<div class=\"elementor-widget-container\">\n\t\t\t\t\t\t\t\t\t<div class=\"elementor-button-wrapper\">\n\t\t\t\t\t<a class=\"elementor-button elementor-button-link elementor-size-sm\" href=\"#\">\n\t\t\t\t\t\t<span class=\"elementor-button-content-wrapper\">\n\t\t\t\t\t\t\t\t\t<span class=\"elementor-button-text\">Document 3<\/span>\n\t\t\t\t\t<\/span>\n\t\t\t\t\t<\/a>\n\t\t\t\t<\/div>\n\t\t\t\t\t\t\t\t<\/div>\n\t\t\t\t<\/div>\n\t\t\t\t\t<\/div>\n\t\t<\/div>\n\t\t\t\t\t<\/div>\n\t\t<\/section>\n\t\t\t\t\t<\/div>\n\t\t<\/div>\n\t\t\t\t\t<\/div>\n\t\t<\/section>\n\t\t\t\t<\/div>\n\t\t","protected":false},"excerpt":{"rendered":"<p>Documents utiles Les \u00ab\u00a0documents utiles\u00a0\u00bb list\u00e9s ci-dessous sont donn\u00e9s uniquement \u00e0 titre informatif. Si vous avez une op\u00e9ration planifi\u00e9e, les seules consignes \u00e0 appliquer sont celles que le\u00a0Docteur Alexandre Hublet vous a confi\u00e9e personnellement.\u00a0 Si vous avez \u00e9gar\u00e9 ce document, reprenez contact avec le Docteur Alexandre Hublet. Document 1 Document 2 Document 3<\/p>\n","protected":false},"author":1,"featured_media":0,"parent":0,"menu_order":0,"comment_status":"closed","ping_status":"closed","template":"elementor_header_footer","meta":{"footnotes":""},"class_list":["post-185","page","type-page","status-publish","hentry"],"_links":{"self":[{"href":"https:\/\/hubletvasculaire.be\/index.php\/wp-json\/wp\/v2\/pages\/185","targetHints":{"allow":["GET"]}}],"collection":[{"href":"https:\/\/hubletvasculaire.be\/index.php\/wp-json\/wp\/v2\/pages"}],"about":[{"href":"https:\/\/hubletvasculaire.be\/index.php\/wp-json\/wp\/v2\/types\/page"}],"author":[{"embeddable":true,"href":"https:\/\/hubletvasculaire.be\/index.php\/wp-json\/wp\/v2\/users\/1"}],"replies":[{"embeddable":true,"href":"https:\/\/hubletvasculaire.be\/index.php\/wp-json\/wp\/v2\/comments?post=185"}],"version-history":[{"count":24,"href":"https:\/\/hubletvasculaire.be\/index.php\/wp-json\/wp\/v2\/pages\/185\/revisions"}],"predecessor-version":[{"id":846,"href":"https:\/\/hubletvasculaire.be\/index.php\/wp-json\/wp\/v2\/pages\/185\/revisions\/846"}],"wp:attachment":[{"href":"https:\/\/hubletvasculaire.be\/index.php\/wp-json\/wp\/v2\/media?parent=185"}],"curies":[{"name":"wp","href":"https:\/\/api.w.org\/{rel}","templated":true}]}}